{"id":221,"date":"2023-09-04T08:02:04","date_gmt":"2023-09-04T08:02:04","guid":{"rendered":"https:\/\/silviasciuto.com\/rental4kids\/terms\/"},"modified":"2025-03-04T20:08:04","modified_gmt":"2025-03-04T18:08:04","slug":"termini-e-condizioni","status":"publish","type":"page","link":"https:\/\/www.silviasciuto.com\/rental4kids\/termini-e-condizioni\/","title":{"rendered":"Termini &#038; Condizioni"},"content":{"rendered":"\t\t<div data-elementor-type=\"wp-page\" data-elementor-id=\"221\" class=\"elementor elementor-221\" data-elementor-post-type=\"page\">\n\t\t\t\t<div class=\"elementor-element elementor-element-c130a4a e-flex e-con-boxed e-con e-parent\" data-id=\"c130a4a\" data-element_type=\"container\" data-e-type=\"container\">\n\t\t\t\t\t<div class=\"e-con-inner\">\n\t\t\t\t<div class=\"elementor-element elementor-element-a2060c3 elementor-widget elementor-widget-text-editor\" data-id=\"a2060c3\" data-element_type=\"widget\" data-e-type=\"widget\" data-widget_type=\"text-editor.default\">\n\t\t\t\t\t\t\t\t\t<h1><strong>Termini e condizioni generali d\u2019uso<\/strong><\/h1><h4><strong><br \/>Art. 1 \u2013 Oggetto<\/strong><\/h4><ol><li>Le presenti condizioni generali d\u2019uso rappresentano l\u2019accesso e l\u2019uso del sito www.silviasciuto.com\/rental4kids, acessibile mediante l\u2019url:\u00a0<strong>www.silviasciuto.com\/rental4kids<\/strong>, (d\u2019ora in avanti il \u201ctitolare\u201d), sono attivit\u00e0 regolate dalle presenti condizioni generali d\u2019uso.<\/li><li>Il presente sito \u00e8 di propriet\u00e0 di:<\/li><\/ol><p>Nome: Silvia Sciuto<br \/>Altre info su richiesta scrivendo a info@silviasciuto.com\/rental4kids<br \/><br \/>L\u2019accesso al sito e il suo uso, cos\u00ec come l\u2019acquisto di prodotti in esso presentati, presuppone la lettura, la conoscenza e l\u2019accettazione di queste condizioni generali d\u2019uso.<\/p><h4><strong>Art. 2 \u2013 Modifiche alle condizioni d\u2019uso<\/strong><\/h4><ol><li>Il titolare potr\u00e0 modificare o semplicemente aggiornare, in tutto o in parte, queste condizioni generali d\u2019uso. Le modifiche e gli aggiornamenti delle condizioni generali d\u2019uso saranno notificati agli utenti nella Home page non appena adottati e saranno vincolanti non appena pubblicati sul sito web in questa stessa sezione. L\u2019accesso e l\u2019utilizzo del sito presuppongono l\u2019accettazione da parte dell\u2019utente delle presenti condizioni d\u2019uso.<\/li><\/ol><h4><strong>Art. 3 \u2013 Propriet\u00e0 intellettuale<\/strong><\/h4><ol><li>I contenuti presenti sul sito, quali, a titolo esemplificativo, le opere, le immagini, le fotografie, i dialoghi, le musiche, i suoni ed i video, i documenti, i disegni, le figure, i loghi ed ogni altro materiale, in qualsiasi formato, pubblicato sul sito medesimo, compresi i menu, le pagine web, la grafica, i colori, gli schemi, gli strumenti, i caratteri ed il design del sito, i diagrammi, il layouts, i metodi, i processi, le funzioni ed il software che fanno parte del sito, sono protetti dal diritto d\u2019autore e da ogni altro diritto di propriet\u00e0 intellettuale del titolare o di eventuali terzi dallo stesso contrattualizzati. \u00c8 vietata la riproduzione, in tutto o in parte, in qualsiasi forma, del sito e dei suoi contenuti, senza il consenso espresso in forma scritta del titolare.<\/li><li>L\u2019utente \u00e8 autorizzato unicamente a visualizzare il sito ed i suoi contenuti fruendo dei relativi servizi ivi disponibili. L\u2019utente \u00e8, inoltre, autorizzato a compiere tutti quegli altri atti di riproduzione temporanei, privi di rilievo economico proprio, che sono considerati transitori o accessori, parte integrante ed essenziale della stessa visualizzazione e fruizione del Sito e dei suoi contenuti e tutte le altre operazioni di navigazione sul Sito che siano eseguite solo per un uso legittimo del medesimo.<\/li><li>L\u2019utente non \u00e8 in alcun modo autorizzato ad eseguire alcuna riproduzione, su qualsiasi supporto, in tutto o in parte del sito e dei suoi contenuti. Qualsiasi atto di riproduzione dovr\u00e0 essere, di volta in volta, autorizzato da www.silviasciuto.com\/rental4kids o, all\u2019occorrenza, dagli autori delle singole opere contenute nel sito. Tali operazioni di riproduzione dovranno essere comunque eseguite per scopi leciti e nel rispetto del diritto d\u2019autore e degli altri diritti di propriet\u00e0 intellettuale e degli autori delle singole opere contenute nel sito.<\/li><\/ol><h4><strong>Art. 4 \u2013 Utilizzo del sito e responsabilit\u00e0 dell\u2019utente<\/strong><\/h4><ol><li>L\u2019accesso e l\u2019uso del sito, la visualizzazione delle pagine web,compresa la comunicazione con il titolare, la possibilit\u00e0 di scaricare informazioni sui prodotti e l\u2019acquisto degli stessi sul sito web, costituiscono attivit\u00e0 condotte dall\u2019utente esclusivamente per usi personali estranei a qualsiasi attivit\u00e0 commerciale, imprenditoriale e professionale.<\/li><li>L\u2019utente \u00e8 personalmente responsabile per l\u2019uso del sito e dei relativi contenuti. Il titolare infatti non potr\u00e0 essere considerato responsabile dell\u2019uso non conforme alle norme di legge vigenti, del sito web e dei contenuti da parte di ciascuno dei propri utenti, salva la responsabilit\u00e0 per dolo e colpa grave. In particolare, l\u2019utente sar\u00e0 l\u2019unico ed il solo unico responsabile per la comunicazione di informazioni e di dati non corretti, falsi o relativi a terzi soggetti, senza che questi abbiano espresso il loro consenso, nonch\u00e9 in considerazione di un uso non corretto degli stessi.<\/li><li>Ogni materiale scaricato o altrimenti ottenuto attraverso l\u2019uso del servizio \u00e8 a scelta e a rischio dell\u2019utente, pertanto ogni responsabilit\u00e0 per eventuali danni a sistemi di computer o perdite di dati risultanti dalle operazioni di scarico ricade sull\u2019utente e non potr\u00e0 essere imputata al titolare.<\/li><li>Il titolare declina ogni responsabilit\u00e0 per eventuali danni derivanti dall\u2019inaccessibilit\u00e0 ai servizi presenti sul sito o da eventuali danni causati da virus, file danneggiati, errori, omissioni, interruzioni del servizio, cancellazioni dei contenuti, problemi connessi alla rete, ai provider o a collegamenti telefonici e\/o telematici, ad accessi non autorizzati, ad alterazioni di dati, al mancato e\/o difettoso funzionamento delle apparecchiature elettroniche dell\u2019utente stesso.<\/li><li>L\u2019utente \u00e8 responsabile della custodia e del corretto utilizzo delle proprie informazioni personali, ivi comprese le credenziali che consentono di accedere ai servizi riservati, nonch\u00e9 di ogni conseguenza dannosa o pregiudizio che dovesse derivare a carico di www.silviasciuto.com\/rental4kids ovvero di terzi a seguito del non corretto utilizzo, dello smarrimento, sottrazione di tali informazioni.<\/li><\/ol><h4><strong>Art. 5 \u2013 Account personale<\/strong><\/h4><ol><li>L\u2019utente avr\u00e0 la possibilit\u00e0 di registrarsi al sito per usufruire dei prodotti e\/o servizi dello stesso. L\u2019utente avr\u00e0 a disposizione un\u2019area del sito esclusivamente dedicata allo stesso denominata \u201cPannello\u201d attraverso cui, potr\u00e0 accedere e potr\u00e0 verificare di volta in volta lo stato dei servizi di cui hai fatto richiesta.<\/li><li>Registrandosi al sito, l\u2019utente dovr\u00e0 fornire un indirizzo e-mail o un username (di seguito la \u201cid\u201d) e una password di accesso strettamente personali. Sia l\u2019 id che la password non potranno essere utilizzate da due o pi\u00f9 postazioni contemporaneamente e l\u2019utente non potr\u00e0 cederle o trasferirle a terzi, se non sotto la sua piena ed esclusiva responsabilit\u00e0. Al riguardo, si ricorda che l\u2019utente sar\u00e0 ritenuto responsabile nei confronti del titolare e qualsiasi terzo per ogni e qualsiasi azione, transazione e\/o fatto avvenuto e\/o eseguito mediante l\u2019utilizzo dell\u2019id e\/o della password inserita.<\/li><li>L\u2019utente \u00e8 obbligato a preservare la riservatezza e segretezza della sua id e della sua password ed \u00e8 tenuto ad informare prontamente il sito di qualsiasi eventuale loro uso non autorizzato o del loro smarrimento, a mezzo email o raccomandata A\/R affinch\u00e9 la stessa possa sospendere l\u2019erogazione dei propri servizi con riferimento all\u2019account.<\/li><li>Qualora accada che, sia intervenuto un accesso non autorizzato all\u2019account dell\u2019utente e\/o lo stesso abbia smarrito la sua ID e\/o la sua Password per pi\u00f9 di tre volte, il sito si riserva la facolt\u00e0 di rimuovere l\u2019account dell\u2019utente senza che questi abbia nulla a pretendere nei confronti del titolare.<\/li><li>Il titolare non potr\u00e0 essere ritenuto in alcun modo responsabile, direttamente o indirettamente, in qualsiasi forma o sulla base di qualsivoglia regime di responsabilit\u00e0, per lesioni o danni di qualsiasi genere risultanti da, o correlati a, il mancato rispetto da parte dell\u2019utente delle disposizioni di cui al presente articolo.<\/li><li>Il titolare sar\u00e0 libero di inibire l\u2019accesso di un utente alla propria area clienti e\/o di interrompere l\u2019operativit\u00e0 dell\u2019id e\/o della password dello stesso, qualora ritenga che sia intervenuta una sostanziale violazione delle presenti condizioni generali d\u2019 uso ed in particolare di quanto dopo previsto, ovvero qualora l\u2019utente compia un uso illecito o scorretto dei servizi del sito.<\/li><li>L\u2019utente sar\u00e0 inoltre tenuto a non effettuare ne\u2019 a consentire o permettere a terzi i seguenti comportamenti (non esaustivi e in continuo aggiornamento):<ul><li>il caricamento o la creazione all\u2019interno dell\u2019area cliente di qualsiasi dato o contenuto che sia in violazione di qualsivoglia legge, regolamento o diritto di terzi (ivi compresi, tra gli altri, segreti commerciali o dati personali di terzi);<\/li><li>l\u2019utilizzazione dei servizi della societ\u00e0 per scopi diversi dal mero accesso agli stessi nelle modalit\u00e0 in cui sono forniti dalla stessa;<\/li><li>effettuare azioni di qualunque genere e\/o natura volte ad aggirare, disattivare ovvero interferire in qualsiasi modo con gli applicativi correlati alla sicurezza dei servizi della sito o altri applicativi che prevengano, limitino ovvero restringano l\u2019utilizzo ovvero la copia di qualsiasi materiale presente sullo stesso;<\/li><li>utilizzazione dei servizi del sito per qualsivoglia scopo illecito o in violazione di qualsiasi normativa applicabile;<\/li><li>interferisca o danneggi i servizi e i sistemi della sito ovvero al loro relativo godimento da parte di qualsivoglia utente, con qualsiasi mezzo, compreso mediante il caricamento di files o comunque disseminando virus, adware, spyware, bachi o altri strumenti elettronici nocivi;<\/li><li>effettui azioni volte ad aggirare strumenti per l\u2019esclusione di robot o altre misure che il sito possa utilizzare per prevenire accessi non autorizzati ai servizi della stessa.<\/li><\/ul><\/li><\/ol><h4><strong>Art. 6 \u2013 Creazione scheda attivit\u00e0<\/strong><\/h4><ol><li><b>Immagine di copertina<\/b>: deve essere una fotografia dell\u2019esterno dell\u2019attivit\u00e0 o degli spazi interni espositivi. Non deve contenere testo e non deve essere un banner o immagine pubblicitaria.<\/li><li><b>Descrizione<\/b>: Questo campo pu\u00f2 contenere soltanto testo, non immagini! Il testo pu\u00f2 essere formattato ed \u00e8 consentito solo l\u2019uso dei seguenti i tag: \u2018Titolo6\u2019 per i titoli e\u00a0 \u2018Paragrafo\u2019 per il contenuto testuale. Non \u00e8 possibile inserire immagini e neanche link interni e\/o esterni al sito.<\/li><\/ol><h4><strong>Art. 7 \u2013 Esclusione di responsabilit\u00e0<\/strong><\/h4><ol><li>Come indicato in precedenza, il titolare svolge con la massima diligenza la cura e il mantenimento del sito e dei suoi contenuti, tuttavia, non si assume alcuna responsabilit\u00e0 per la correttezza, la completezza e la tempestivit\u00e0 dei dati e delle informazioni fornite sul sito o sui siti ad esso collegati. Deve perci\u00f2 escludersi ogni responsabilit\u00e0 per errori od omissioni derivanti dall\u2019uso dei dati e delle informazioni sul sito.<\/li><li>Il titolare declina ogni responsabilit\u00e0, inclusa la presenza di errori, la correzione degli errori, la responsabilit\u00e0 del server ospitante il sito; non \u00e8 altres\u00ec responsabile dell\u2019uso delle informazioni contenute, della loro correttezza e affidabilit\u00e0. In nessun caso, inclusa la negligenza, il titolare sar\u00e0 responsabile di ogni diretto o indiretto danno che possa risultare dall\u2019uso, o dalla incapacit\u00e0 di usare, i materiali presenti nel sito.<\/li><\/ol><h4><strong>Art. 8 \u2013 Limitazioni all\u2019erogazione del servizio<\/strong><\/h4><ol><li>Il titolare non potr\u00e0 essere ritenuto responsabile dei danni conseguenti alla mancata prestazione del servizio a causa dell\u2019errato o mancato funzionamento dei mezzi elettronici di comunicazione per cause estranee alla sfera del proprio prevedibile controllo. A titolo esemplificativo, ma non esaustivo, il malfunzionamento dei server ed altri dispositivi elettronici anche non facenti parte integrante della rete Internet, malfunzionamento dei software installati, virus informatici sull\u2019eventuale presenza di virus o altri componenti informatici nocivi e dannosi, nonch\u00e9 da azioni di hacker o altri utenti aventi accesso alla rete. L\u2019utente s\u2019impegna dunque a tenere indenne e manlevare il titolare da qualsiasi responsabilit\u00e0 e\/o richiesta al riguardo.<\/li><\/ol><h4><strong>Art. 9 \u2013 Link di altri siti<\/strong><\/h4><ol><li>Il sito pu\u00f2 contenere collegamenti ipertestuali ad altri siti web che non hanno nessun collegamento con lo stesso. Il titolare non controlla n\u00e9 monitora di tali siti web e non ne garantisce pertanto in alcun modo i contenuti n\u00e9 la gestione dei dati. L\u2019utente dovr\u00e0 pertanto leggere attentamente le condizioni d\u2019uso dei siti terzi visitati e le relative privacy policy, in quanto le presenti condizioni d\u2019uso e la privacy policy si riferiscono unicamente al presente sito.<\/li><\/ol><h4><strong>Art.10 \u2013 Link in altre pagine web<\/strong><\/h4><ol><li>Il presente sito pu\u00f2 essere raggiunto anche attraverso siti terzi dove sar\u00e0 presente un link o banner per accedere al sito.<\/li><li>L\u2019attivazione di link su siti terzi verso il presente sito \u00e8 possibile sempre e quando non sia lesivo delle presente condizioni d\u2019uso.<\/li><li>L\u2019attivazione di link non autorizzati legittimer\u00e0 il titolare ad agire per l\u2019immediata disattivazione dei link illegittimi e per l\u2019eventuale riconoscimento della relativa pratica commerciale o concorrenza sleale ovvero azione a discapito del buon nome e della rinomanza del titolare, dei suoi servizi e delle societ\u00e0 del medesimo gruppo. \u00c8 in ogni caso vietata l\u2019attivazione di collegamenti ipertestuali profondi (quali deep frames o deep links) al Sito ovvero l\u2019uso non autorizzato di meta-tags.<\/li><\/ol><h4><strong>Art. 11 \u2013 Marchi<\/strong><\/h4><ol><li>Tutti i marchi ed i segni distintivi presenti sul sito, anche relativi alle singole attivit\u00e0 svolte dal titolare, sono esclusiva del titolare medesimo o delle societ\u00e0 a lui referenti.<\/li><li>Il titolare ha la facolt\u00e0 di far uso esclusivo dei suddetti marchi. Pertanto, qualsiasi uso non consentito, non autorizzato e\/o non conforme alla legge \u00e8 severamente vietato e comporta conseguenze legali. Non \u00e8 in alcun modo consentito usare detti marchi ed ogni altro segno distintivo presente sul sito per trarre indebitamente, anche indirettamente, vantaggio dal carattere distintivo o dalla rinomanza dei marchi del titolare o in modo da recare pregiudizio agli stessi ed ai loro titolari.<\/li><li>Il dominio www.silviasciuto.com\/rental4kids cos\u00ec come le varie declinazioni ed i sottodomini sono di propriet\u00e0 del titolare. Nessun utilizzo, seppur indiretto, \u00e8 consentito, salva specifica autorizzazione scritta del titolare o dei titolari.<\/li><\/ol><h4><strong>Art. 12 \u2013 Trattamento dei dati<\/strong><\/h4><ol><li>I dati dell\u2019utente sono trattati conformemente a quanto previsto dalla normativa in materia di protezione dei dati personali, come specificato nell\u2019apposita sezione contenente l\u2019informativa ai sensi dell\u2019art. 13 Regolamento UE 2016\/679 (Privacy Policy). Per pi\u00f9 informazioni accedere alla privacy policy del sito al link: www.silviasciuto.com\/rental4kids\/privacy-cookie-policy<\/li><\/ol><h4><strong>Art. 13 \u2013 Clausola di salvaguardia<\/strong><\/h4><ol><li>Nell\u2019ipotesi in cui una delle clausole delle presenti condizioni generali d\u2019uso fosse nulla per qualsivoglia motivo ci\u00f2 non comprometter\u00e0 in nessun caso la validit\u00e0 e il rispetto delle altre disposizioni figuranti nelle presenti condizioni generali d\u2019uso.<\/li><\/ol><h4><strong>Art. 14 \u2013 Contatti<\/strong><\/h4><ol><li>Ogni richiesta di informazione potr\u00e0 essere inviata via mail al seguente indirizzo info@silviasciuto.com\/rental4kids e via posta al seguente indirizzo:\u00a0<em>Via Monsignor Bella, 3 Aci Catena (CT)<\/em><\/li><\/ol><h4><strong>Art. 15 \u2013 Legge applicabile e foro competente<\/strong><\/h4><ol><li>Le presenti condizioni generali d\u2019uso sono disciplinate dal diritto italiano ed interpretate in base ad esso, fatta salva qualsiasi diversa norma imperativa prevalente del paese di residenza abituale del l\u2019acquirente. Di conseguenza l\u2019interpretazione, esecuzione e risoluzione delle condizioni generali d\u2019uso endita sono soggette esclusivamente alla legge Italiana.<\/li><li>Eventuali controversie inerenti e\/o conseguenti alle stesse dovranno essere risolte in via esclusiva dall\u2019autorit\u00e0 giurisdizionale Italiana. In particolare, qualora il l\u2019acquirente rivesta la qualifica di consumatore, le eventuali controversie dovranno essere risolte dal tribunale del luogo di domicilio o residenza dello stesso in base alla legge applicabile.<\/li><\/ol><p>Le presenti condizioni sono state redatte in data\u00a0<strong>01\/06\/2020.<\/strong><\/p>\t\t\t\t\t\t\t\t<\/div>\n\t\t\t\t\t<\/div>\n\t\t\t\t<\/div>\n\t\t\t\t<\/div>\n\t\t","protected":false},"excerpt":{"rendered":"<p>Termini e condizioni generali d\u2019uso Art. 1 \u2013 Oggetto Le presenti condizioni generali d\u2019uso rappresentano l\u2019accesso e l\u2019uso del sito www.silviasciuto.com\/rental4kids, acessibile mediante l\u2019url:\u00a0www.silviasciuto.com\/rental4kids, (d\u2019ora in avanti il \u201ctitolare\u201d), sono attivit\u00e0 regolate dalle presenti condizioni generali d\u2019uso. Il presente sito \u00e8 di propriet\u00e0 di: Nome: Silvia SciutoAltre info su richiesta scrivendo a info@silviasciuto.com\/rental4kids L\u2019accesso al [&hellip;]<\/p>\n","protected":false},"author":1,"featured_media":0,"parent":0,"menu_order":0,"comment_status":"closed","ping_status":"closed","template":"","meta":{"footnotes":""},"class_list":["post-221","page","type-page","status-publish","hentry"],"_links":{"self":[{"href":"https:\/\/www.silviasciuto.com\/rental4kids\/wp-json\/wp\/v2\/pages\/221","targetHints":{"allow":["GET"]}}],"collection":[{"href":"https:\/\/www.silviasciuto.com\/rental4kids\/wp-json\/wp\/v2\/pages"}],"about":[{"href":"https:\/\/www.silviasciuto.com\/rental4kids\/wp-json\/wp\/v2\/types\/page"}],"author":[{"embeddable":true,"href":"https:\/\/www.silviasciuto.com\/rental4kids\/wp-json\/wp\/v2\/users\/1"}],"replies":[{"embeddable":true,"href":"https:\/\/www.silviasciuto.com\/rental4kids\/wp-json\/wp\/v2\/comments?post=221"}],"version-history":[{"count":4,"href":"https:\/\/www.silviasciuto.com\/rental4kids\/wp-json\/wp\/v2\/pages\/221\/revisions"}],"predecessor-version":[{"id":3871,"href":"https:\/\/www.silviasciuto.com\/rental4kids\/wp-json\/wp\/v2\/pages\/221\/revisions\/3871"}],"wp:attachment":[{"href":"https:\/\/www.silviasciuto.com\/rental4kids\/wp-json\/wp\/v2\/media?parent=221"}],"curies":[{"name":"wp","href":"https:\/\/api.w.org\/{rel}","templated":true}]}}