{"id":4818,"date":"2025-12-29T13:20:39","date_gmt":"2025-12-29T11:20:39","guid":{"rendered":"https:\/\/silviasciuto.com\/rental4kids\/?page_id=4818"},"modified":"2025-12-29T13:30:36","modified_gmt":"2025-12-29T11:30:36","slug":"risorse","status":"publish","type":"page","link":"https:\/\/www.silviasciuto.com\/rental4kids\/risorse\/","title":{"rendered":"Risorse"},"content":{"rendered":"\t\t<div data-elementor-type=\"wp-page\" data-elementor-id=\"4818\" class=\"elementor elementor-4818\" data-elementor-post-type=\"page\">\n\t\t\t\t<div class=\"elementor-element elementor-element-f42e085 e-flex e-con-boxed e-con e-parent\" data-id=\"f42e085\" data-element_type=\"container\" data-e-type=\"container\">\n\t\t\t\t\t<div class=\"e-con-inner\">\n\t\t\t\t<div class=\"elementor-element elementor-element-84096b7 elementor-widget elementor-widget-text-editor\" data-id=\"84096b7\" data-element_type=\"widget\" data-e-type=\"widget\" data-widget_type=\"text-editor.default\">\n\t\t\t\t\t\t\t\t\t<p>QUELLO DI CUI HAI BISOGNO!<\/p>\t\t\t\t\t\t\t\t<\/div>\n\t\t\t\t<div class=\"elementor-element elementor-element-35dda6f elementor-widget elementor-widget-heading\" data-id=\"35dda6f\" data-element_type=\"widget\" data-e-type=\"widget\" data-widget_type=\"heading.default\">\n\t\t\t\t\t<h1 class=\"elementor-heading-title elementor-size-default\">Risorse<\/h1>\t\t\t\t<\/div>\n\t\t\t\t<div class=\"elementor-element elementor-element-3d90c86 elementor-widget elementor-widget-text-editor\" data-id=\"3d90c86\" data-element_type=\"widget\" data-e-type=\"widget\" data-widget_type=\"text-editor.default\">\n\t\t\t\t\t\t\t\t\t<p>Utili per far crescere la tua attivit\u00e0<\/p>\t\t\t\t\t\t\t\t<\/div>\n\t\t\t\t\t<\/div>\n\t\t\t\t<\/div>\n\t\t<div class=\"elementor-element elementor-element-2788d34 e-flex e-con-boxed e-con e-parent\" data-id=\"2788d34\" data-element_type=\"container\" data-e-type=\"container\">\n\t\t\t\t\t<div class=\"e-con-inner\">\n\t\t\t\t<div class=\"elementor-element elementor-element-7c16bed elementor-grid-4 elementor-posts--align-left elementor-grid-tablet-2 elementor-grid-mobile-1 elementor-posts--thumbnail-top elementor-widget elementor-widget-posts\" data-id=\"7c16bed\" data-element_type=\"widget\" data-e-type=\"widget\" data-settings=\"{&quot;classic_columns&quot;:&quot;4&quot;,&quot;classic_columns_tablet&quot;:&quot;2&quot;,&quot;classic_columns_mobile&quot;:&quot;1&quot;,&quot;classic_row_gap&quot;:{&quot;unit&quot;:&quot;px&quot;,&quot;size&quot;:35,&quot;sizes&quot;:[]},&quot;classic_row_gap_tablet&quot;:{&quot;unit&quot;:&quot;px&quot;,&quot;size&quot;:&quot;&quot;,&quot;sizes&quot;:[]},&quot;classic_row_gap_mobile&quot;:{&quot;unit&quot;:&quot;px&quot;,&quot;size&quot;:&quot;&quot;,&quot;sizes&quot;:[]}}\" data-widget_type=\"posts.classic\">\n\t\t\t\t<div class=\"elementor-widget-container\">\n\t\t\t\t\t\t\t<div class=\"elementor-posts-container elementor-posts elementor-posts--skin-classic elementor-grid\" role=\"list\">\n\t\t\t\t<article class=\"elementor-post elementor-grid-item post-3657 post type-post status-publish format-standard hentry category-business\" role=\"listitem\">\n\t\t\t\t<div class=\"elementor-post__text\">\n\t\t\t\t<h3 class=\"elementor-post__title\">\n\t\t\t<a href=\"https:\/\/www.silviasciuto.com\/rental4kids\/come-attivare-la-geolocalizzazione\/\" >\n\t\t\t\tCome attivare la geolocalizzazione\t\t\t<\/a>\n\t\t<\/h3>\n\t\t\t\t<div class=\"elementor-post__meta-data\">\n\t\t\t\t\t<span class=\"elementor-post-author\">\n\t\t\tPi\u00f9 vicino a me\t\t<\/span>\n\t\t\t\t<span class=\"elementor-post-date\">\n\t\t\t25\/07\/2024\t\t<\/span>\n\t\t\t\t<\/div>\n\t\t\n\t\t<a class=\"elementor-post__read-more\" href=\"https:\/\/www.silviasciuto.com\/rental4kids\/come-attivare-la-geolocalizzazione\/\" aria-label=\"Read more about Come attivare la geolocalizzazione\" tabindex=\"-1\" >\n\t\t\tLEGGI TUTTO \u00bb\t\t<\/a>\n\n\t\t\t\t<\/div>\n\t\t\t\t<\/article>\n\t\t\t\t<article class=\"elementor-post elementor-grid-item post-791 post type-post status-publish format-standard hentry category-business\" role=\"listitem\">\n\t\t\t\t<div class=\"elementor-post__text\">\n\t\t\t\t<h3 class=\"elementor-post__title\">\n\t\t\t<a href=\"https:\/\/www.silviasciuto.com\/rental4kids\/google-my-business\/\" >\n\t\t\t\tGoogle My Business\t\t\t<\/a>\n\t\t<\/h3>\n\t\t\t\t<div class=\"elementor-post__meta-data\">\n\t\t\t\t\t<span class=\"elementor-post-author\">\n\t\t\tPi\u00f9 vicino a me\t\t<\/span>\n\t\t\t\t<span class=\"elementor-post-date\">\n\t\t\t26\/11\/2020\t\t<\/span>\n\t\t\t\t<\/div>\n\t\t\n\t\t<a class=\"elementor-post__read-more\" href=\"https:\/\/www.silviasciuto.com\/rental4kids\/google-my-business\/\" aria-label=\"Read more about Google My Business\" tabindex=\"-1\" >\n\t\t\tLEGGI TUTTO \u00bb\t\t<\/a>\n\n\t\t\t\t<\/div>\n\t\t\t\t<\/article>\n\t\t\t\t<article class=\"elementor-post elementor-grid-item post-792 post type-post status-publish format-standard hentry category-business category-incentivi-e-agevolazioni\" role=\"listitem\">\n\t\t\t\t<div class=\"elementor-post__text\">\n\t\t\t\t<h3 class=\"elementor-post__title\">\n\t\t\t<a href=\"https:\/\/www.silviasciuto.com\/rental4kids\/italia-cashless-cashback-lotteria-scontrini\/\" >\n\t\t\t\tItalia Cashless: Cashback e Lotteria degli Scontrini\t\t\t<\/a>\n\t\t<\/h3>\n\t\t\t\t<div class=\"elementor-post__meta-data\">\n\t\t\t\t\t<span class=\"elementor-post-author\">\n\t\t\tPi\u00f9 vicino a me\t\t<\/span>\n\t\t\t\t<span class=\"elementor-post-date\">\n\t\t\t19\/11\/2020\t\t<\/span>\n\t\t\t\t<\/div>\n\t\t\n\t\t<a class=\"elementor-post__read-more\" href=\"https:\/\/www.silviasciuto.com\/rental4kids\/italia-cashless-cashback-lotteria-scontrini\/\" aria-label=\"Read more about Italia Cashless: Cashback e Lotteria degli Scontrini\" tabindex=\"-1\" >\n\t\t\tLEGGI TUTTO \u00bb\t\t<\/a>\n\n\t\t\t\t<\/div>\n\t\t\t\t<\/article>\n\t\t\t\t<article class=\"elementor-post elementor-grid-item post-790 post type-post status-publish format-standard hentry category-business category-web\" role=\"listitem\">\n\t\t\t\t<div class=\"elementor-post__text\">\n\t\t\t\t<h3 class=\"elementor-post__title\">\n\t\t\t<a href=\"https:\/\/www.silviasciuto.com\/rental4kids\/come-acquistare-un-dominio\/\" >\n\t\t\t\tCome acquistare un dominio\t\t\t<\/a>\n\t\t<\/h3>\n\t\t\t\t<div class=\"elementor-post__meta-data\">\n\t\t\t\t\t<span class=\"elementor-post-author\">\n\t\t\tPi\u00f9 vicino a me\t\t<\/span>\n\t\t\t\t<span class=\"elementor-post-date\">\n\t\t\t19\/11\/2020\t\t<\/span>\n\t\t\t\t<\/div>\n\t\t\n\t\t<a class=\"elementor-post__read-more\" href=\"https:\/\/www.silviasciuto.com\/rental4kids\/come-acquistare-un-dominio\/\" aria-label=\"Read more about Come acquistare un dominio\" tabindex=\"-1\" >\n\t\t\tLEGGI TUTTO \u00bb\t\t<\/a>\n\n\t\t\t\t<\/div>\n\t\t\t\t<\/article>\n\t\t\t\t<article class=\"elementor-post elementor-grid-item post-789 post type-post status-publish format-standard hentry category-business category-web\" role=\"listitem\">\n\t\t\t\t<div class=\"elementor-post__text\">\n\t\t\t\t<h3 class=\"elementor-post__title\">\n\t\t\t<a href=\"https:\/\/www.silviasciuto.com\/rental4kids\/come-scegliere-il-dominio\/\" >\n\t\t\t\tCome scegliere il dominio\t\t\t<\/a>\n\t\t<\/h3>\n\t\t\t\t<div class=\"elementor-post__meta-data\">\n\t\t\t\t\t<span class=\"elementor-post-author\">\n\t\t\tPi\u00f9 vicino a me\t\t<\/span>\n\t\t\t\t<span class=\"elementor-post-date\">\n\t\t\t12\/11\/2020\t\t<\/span>\n\t\t\t\t<\/div>\n\t\t\n\t\t<a class=\"elementor-post__read-more\" href=\"https:\/\/www.silviasciuto.com\/rental4kids\/come-scegliere-il-dominio\/\" aria-label=\"Read more about Come scegliere il dominio\" tabindex=\"-1\" >\n\t\t\tLEGGI TUTTO \u00bb\t\t<\/a>\n\n\t\t\t\t<\/div>\n\t\t\t\t<\/article>\n\t\t\t\t<article class=\"elementor-post elementor-grid-item post-793 post type-post status-publish format-standard hentry category-business category-incentivi-e-agevolazioni\" role=\"listitem\">\n\t\t\t\t<div class=\"elementor-post__text\">\n\t\t\t\t<h3 class=\"elementor-post__title\">\n\t\t\t<a href=\"https:\/\/www.silviasciuto.com\/rental4kids\/cashback-cashless-come-funziona-come-partecipare\/\" >\n\t\t\t\tCashback, come funziona e come partecipare\t\t\t<\/a>\n\t\t<\/h3>\n\t\t\t\t<div class=\"elementor-post__meta-data\">\n\t\t\t\t\t<span class=\"elementor-post-author\">\n\t\t\tPi\u00f9 vicino a me\t\t<\/span>\n\t\t\t\t<span class=\"elementor-post-date\">\n\t\t\t05\/11\/2020\t\t<\/span>\n\t\t\t\t<\/div>\n\t\t\n\t\t<a class=\"elementor-post__read-more\" href=\"https:\/\/www.silviasciuto.com\/rental4kids\/cashback-cashless-come-funziona-come-partecipare\/\" aria-label=\"Read more about Cashback, come funziona e come partecipare\" tabindex=\"-1\" >\n\t\t\tLEGGI TUTTO \u00bb\t\t<\/a>\n\n\t\t\t\t<\/div>\n\t\t\t\t<\/article>\n\t\t\t\t<article class=\"elementor-post elementor-grid-item post-788 post type-post status-publish format-standard hentry category-business category-web\" role=\"listitem\">\n\t\t\t\t<div class=\"elementor-post__text\">\n\t\t\t\t<h3 class=\"elementor-post__title\">\n\t\t\t<a href=\"https:\/\/www.silviasciuto.com\/rental4kids\/creare-un-sito-web-di-successo\/\" >\n\t\t\t\tCreare un sito web di successo\t\t\t<\/a>\n\t\t<\/h3>\n\t\t\t\t<div class=\"elementor-post__meta-data\">\n\t\t\t\t\t<span class=\"elementor-post-author\">\n\t\t\tPi\u00f9 vicino a me\t\t<\/span>\n\t\t\t\t<span class=\"elementor-post-date\">\n\t\t\t05\/11\/2020\t\t<\/span>\n\t\t\t\t<\/div>\n\t\t\n\t\t<a class=\"elementor-post__read-more\" href=\"https:\/\/www.silviasciuto.com\/rental4kids\/creare-un-sito-web-di-successo\/\" aria-label=\"Read more about Creare un sito web di successo\" tabindex=\"-1\" >\n\t\t\tLEGGI TUTTO \u00bb\t\t<\/a>\n\n\t\t\t\t<\/div>\n\t\t\t\t<\/article>\n\t\t\t\t<article class=\"elementor-post elementor-grid-item post-794 post type-post status-publish format-standard hentry category-business category-incentivi-e-agevolazioni\" role=\"listitem\">\n\t\t\t\t<div class=\"elementor-post__text\">\n\t\t\t\t<h3 class=\"elementor-post__title\">\n\t\t\t<a href=\"https:\/\/www.silviasciuto.com\/rental4kids\/lotteria-degli-scontrini-come-funziona-come-partecipare\/\" >\n\t\t\t\tLotteria degli scontrini: come funziona e come partecipare\t\t\t<\/a>\n\t\t<\/h3>\n\t\t\t\t<div class=\"elementor-post__meta-data\">\n\t\t\t\t\t<span class=\"elementor-post-author\">\n\t\t\tPi\u00f9 vicino a me\t\t<\/span>\n\t\t\t\t<span class=\"elementor-post-date\">\n\t\t\t29\/10\/2020\t\t<\/span>\n\t\t\t\t<\/div>\n\t\t\n\t\t<a class=\"elementor-post__read-more\" href=\"https:\/\/www.silviasciuto.com\/rental4kids\/lotteria-degli-scontrini-come-funziona-come-partecipare\/\" aria-label=\"Read more about Lotteria degli scontrini: come funziona e come partecipare\" tabindex=\"-1\" >\n\t\t\tLEGGI TUTTO \u00bb\t\t<\/a>\n\n\t\t\t\t<\/div>\n\t\t\t\t<\/article>\n\t\t\t\t<article class=\"elementor-post elementor-grid-item post-787 post type-post status-publish format-standard hentry category-business\" role=\"listitem\">\n\t\t\t\t<div class=\"elementor-post__text\">\n\t\t\t\t<h3 class=\"elementor-post__title\">\n\t\t\t<a href=\"https:\/\/www.silviasciuto.com\/rental4kids\/perche-la-presenza-online-della-tua-attivita-e-importante\/\" >\n\t\t\t\tPerch\u00e9 la presenza online della tua attivit\u00e0 \u00e8 importante?\t\t\t<\/a>\n\t\t<\/h3>\n\t\t\t\t<div class=\"elementor-post__meta-data\">\n\t\t\t\t\t<span class=\"elementor-post-author\">\n\t\t\tPi\u00f9 vicino a me\t\t<\/span>\n\t\t\t\t<span class=\"elementor-post-date\">\n\t\t\t29\/10\/2020\t\t<\/span>\n\t\t\t\t<\/div>\n\t\t\n\t\t<a class=\"elementor-post__read-more\" href=\"https:\/\/www.silviasciuto.com\/rental4kids\/perche-la-presenza-online-della-tua-attivita-e-importante\/\" aria-label=\"Read more about Perch\u00e9 la presenza online della tua attivit\u00e0 \u00e8 importante?\" tabindex=\"-1\" >\n\t\t\tLEGGI TUTTO \u00bb\t\t<\/a>\n\n\t\t\t\t<\/div>\n\t\t\t\t<\/article>\n\t\t\t\t<\/div>\n\t\t\n\t\t\t\t\t\t<\/div>\n\t\t\t\t<\/div>\n\t\t\t\t\t<\/div>\n\t\t\t\t<\/div>\n\t\t\t\t<\/div>\n\t\t","protected":false},"excerpt":{"rendered":"<p>QUELLO DI CUI HAI BISOGNO! Risorse Utili per far crescere la tua attivit\u00e0<\/p>\n","protected":false},"author":1,"featured_media":0,"parent":0,"menu_order":0,"comment_status":"closed","ping_status":"closed","template":"","meta":{"footnotes":""},"class_list":["post-4818","page","type-page","status-publish","hentry"],"_links":{"self":[{"href":"https:\/\/www.silviasciuto.com\/rental4kids\/wp-json\/wp\/v2\/pages\/4818","targetHints":{"allow":["GET"]}}],"collection":[{"href":"https:\/\/www.silviasciuto.com\/rental4kids\/wp-json\/wp\/v2\/pages"}],"about":[{"href":"https:\/\/www.silviasciuto.com\/rental4kids\/wp-json\/wp\/v2\/types\/page"}],"author":[{"embeddable":true,"href":"https:\/\/www.silviasciuto.com\/rental4kids\/wp-json\/wp\/v2\/users\/1"}],"replies":[{"embeddable":true,"href":"https:\/\/www.silviasciuto.com\/rental4kids\/wp-json\/wp\/v2\/comments?post=4818"}],"version-history":[{"count":5,"href":"https:\/\/www.silviasciuto.com\/rental4kids\/wp-json\/wp\/v2\/pages\/4818\/revisions"}],"predecessor-version":[{"id":4847,"href":"https:\/\/www.silviasciuto.com\/rental4kids\/wp-json\/wp\/v2\/pages\/4818\/revisions\/4847"}],"wp:attachment":[{"href":"https:\/\/www.silviasciuto.com\/rental4kids\/wp-json\/wp\/v2\/media?parent=4818"}],"curies":[{"name":"wp","href":"https:\/\/api.w.org\/{rel}","templated":true}]}}